{"id":4424,"date":"2025-04-02T15:06:43","date_gmt":"2025-04-02T15:06:43","guid":{"rendered":"https:\/\/inautom.pt\/?page_id=4424"},"modified":"2026-01-07T11:31:54","modified_gmt":"2026-01-07T11:31:54","slug":"projetos","status":"publish","type":"page","link":"https:\/\/inautom.pt\/en\/projetos\/","title":{"rendered":"PROJECTS"},"content":{"rendered":"<div class=\"vc_row wpb_row vc_row-fluid\"><div class=\"wpb_column vc_column_container vc_col-md-12\"><div class=\"vc_column-inner\"><div class=\"wpb_wrapper\"><div id=\"lvca-spacer-69e4c331927bf\" class=\"lvca-spacer\" data-settings='{&quot;desktop_spacing&quot;:50,&quot;tablet_spacing&quot;:30,&quot;tablet_width&quot;:960,&quot;mobile_spacing&quot;:10,&quot;mobile_width&quot;:480}'><\/div>\t\t<div class=\"mega-line-container ma_heading_wrap399\">\r\n\t\t\t\r\n\t\t\t\t\t\t    <div class=\"mega-line-center\" style=\"text-align: center;\">  \r\n\t\t        \t<h2 style=\"font-size: 36px; color: #000000; text-transform: default; ;\">\r\n\t\t\t        \tprojects\t\t\t        <\/h2>\r\n\t\t\t        <div style=\"line-height: 1;\">\r\n\t\t        \t\t<span style=\"width: 80px; border-top: 1px solid #e10f09;\"><\/span>\r\n\t\t        \t<\/div>\r\n\t\t        \t<div class=\"heading_desc\">\r\n\t\t\t        \t\t\t\t        <\/div>\r\n\t\t      \t<\/div>\r\n\t\t    \r\n\t\t    \r\n\t\t    \r\n\t\t    \r\n\t\t          \t<\/div>\r\n\r\n      \t<style>\r\n\t\t\t.ma_heading_wrap399 .heading_desc *{\r\n\t\t\t\tfont-size: px;\r\n\t\t\t\t;\r\n\t\t\t}\r\n      \t<\/style>\r\n\t\t<div id=\"lvca-spacer-69e4c3319289f\" class=\"lvca-spacer\" data-settings='{&quot;desktop_spacing&quot;:50,&quot;tablet_spacing&quot;:30,&quot;tablet_width&quot;:960,&quot;mobile_spacing&quot;:10,&quot;mobile_width&quot;:480}'><\/div><\/div><\/div><\/div><\/div><div class=\"vc_row wpb_row vc_row-fluid\"><div class=\"wpb_column vc_column_container vc_col-md-12\"><div class=\"vc_column-inner\"><div class=\"wpb_wrapper\"><div class=\"lvca-heading lvca-style1 lvca-alignleft\" ><h3 class=\"lvca-title\">AdaptiHand project<\/h3><\/div>\n\t<div class=\"wpb_text_column wpb_content_element\" >\n\t\t<div class=\"wpb_wrapper\">\n\t\t\t<p><b>Project Title:<\/b><\/p>\n<p>AdaptiHand \u2013 Adaptive and automated solution for handling in production<\/p>\n<p><b>Operation Code: <\/b><\/p>\n<p>COMPETE2030-FEDER-01182500<\/p>\n<p><b>Main Objective:<\/b><\/p>\n<p>Promote the development of innovative and automated solutions for adaptive handling in industrial production contexts<\/p>\n<p><b>Beneficiary \u2013 Lead Promoter:<\/b><\/p>\n<p>INAUTOM Rob\u00f3tica<\/p>\n<p><b>Beneficiary \u2013 Co-promoters:<\/b><\/p>\n<p class=\"p1\">Bresimar Automa\u00e7\u00e3o<\/p>\n<p>Dreampl\u00e1s<\/p>\n<p>Coimbra University<\/p>\n<p>Visionsoft &#8211; Software Solutions<\/p>\n<p><b>Total eligible cost: <\/b><\/p>\n<p>1.772.312,48\u20ac<\/p>\n<p><b>EU financial support: <\/b><\/p>\n<p>1.252.326,63\u20ac<\/p>\n<p><b>EU co-financing: <\/b><\/p>\n<p>71%<\/p>\n<p><b>Project description:<\/b><\/p>\n<p class=\"p1\">AdaptiHand aims to develop an innovative, technological, and automated solution that offers the market a reconfigurable and adaptive tool for handling parts, complemented by a vision and control system for the automatic generation of trajectories, as well as production control and management, thereby reducing time and resources through the digitalization of manufacturing processes.<\/p>\n\n\t\t<\/div>\n\t<\/div>\n<div class=\"vc_btn3-container vc_btn3-inline\"><a class=\"btn btn-normal\" href=\"https:\/\/inautom.pt\/wp-content\/uploads\/2025\/08\/Ficha-de-Projeto-AdaptiHand.pdf\" title=\"Ficha Adaptihand\" target=\"_blank\">SEE PROJECT SHEET (PT)<\/a><\/div>\n<\/div><\/div><\/div><\/div><div class=\"vc_row wpb_row vc_row-fluid\"><div class=\"wpb_column vc_column_container vc_col-md-8\"><div class=\"vc_column-inner\"><div class=\"wpb_wrapper\"><div id=\"lvca-spacer-69e4c33192f42\" class=\"lvca-spacer\" data-settings='{&quot;desktop_spacing&quot;:50,&quot;tablet_spacing&quot;:30,&quot;tablet_width&quot;:960,&quot;mobile_spacing&quot;:10,&quot;mobile_width&quot;:480}'><\/div>\n\t<div  class=\"wpb_single_image wpb_content_element vc_align_left\">\n\t\t\n\t\t<figure class=\"wpb_wrapper vc_figure\">\n\t\t\t<div class=\"vc_single_image-wrapper   vc_box_border_grey\"><img loading=\"lazy\" decoding=\"async\" width=\"980\" height=\"138\" src=\"https:\/\/inautom.pt\/wp-content\/uploads\/2025\/04\/Logos-projectos-1024x144.png\" class=\"vc_single_image-img attachment-large\" alt=\"\" srcset=\"https:\/\/inautom.pt\/wp-content\/uploads\/2025\/04\/Logos-projectos-1024x144.png 1024w, https:\/\/inautom.pt\/wp-content\/uploads\/2025\/04\/Logos-projectos-300x42.png 300w, https:\/\/inautom.pt\/wp-content\/uploads\/2025\/04\/Logos-projectos-768x108.png 768w, https:\/\/inautom.pt\/wp-content\/uploads\/2025\/04\/Logos-projectos-18x3.png 18w, https:\/\/inautom.pt\/wp-content\/uploads\/2025\/04\/Logos-projectos.png 1329w\" sizes=\"(max-width: 980px) 100vw, 980px\" \/><\/div>\n\t\t<\/figure>\n\t<\/div>\n<div id=\"lvca-spacer-69e4c331932e0\" class=\"lvca-spacer\" data-settings='{&quot;desktop_spacing&quot;:50,&quot;tablet_spacing&quot;:30,&quot;tablet_width&quot;:960,&quot;mobile_spacing&quot;:10,&quot;mobile_width&quot;:480}'><\/div><\/div><\/div><\/div><div class=\"wpb_column vc_column_container vc_col-md-4\"><div class=\"vc_column-inner\"><div class=\"wpb_wrapper\"><\/div><\/div><\/div><\/div><div class=\"vc_row wpb_row vc_row-fluid vc_custom_1753286933779\"><div class=\"wpb_column vc_column_container vc_col-md-12\"><div class=\"vc_column-inner\"><div class=\"wpb_wrapper\"><div class=\"lvca-heading lvca-style1 lvca-alignleft\" ><h3 class=\"lvca-title\">Projeto INAUTOM 4.0<\/h3><\/div>\n\t<div class=\"wpb_text_column wpb_content_element\" >\n\t\t<div class=\"wpb_wrapper\">\n\t\t\t<p><b>Project Title:<\/b><\/p>\n<p>INAUTOM 4.0: Nova Unidade Industrial para Produ\u00e7\u00e3o Avan\u00e7ada de Rob\u00f4s Cartesianos<\/p>\n<p>&nbsp;<\/p>\n<p><b>Beneficiary \u2013 Lead Promoter:<\/b><\/p>\n<p>INAUTOM Rob\u00f3tica<\/p>\n<p><b>Total eligible cost: <\/b><\/p>\n<p>1 242 440,49\u20ac<\/p>\n<p><b>EU financial support: <\/b><\/p>\n<p>496 976,20\u20ac<\/p>\n<p><b>EU co-financing: <\/b><\/p>\n<p>40%<\/p>\n<p><b>Prioridade:<\/b><\/p>\n<p>Atrav\u00e9s do presente projeto, que visa a constru\u00e7\u00e3o de uma nova unidade industrial, ser\u00e3o introduzidos novos equipamentos, tecnologicamente mais avan\u00e7ados, que t\u00eam como objetivo dotar a empresa de processos mais eficientes e sustent\u00e1veis com vista ao aumento da capacidade de reposta e, consequentemente, uma maior capacidade de produ\u00e7\u00e3o.<\/p>\n\n\t\t<\/div>\n\t<\/div>\n<div class=\"vc_btn3-container vc_btn3-inline\"><a class=\"btn btn-normal\" href=\"https:\/\/inautom.pt\/wp-content\/uploads\/2026\/01\/INAUTOM-Robotica-Ficha-de-projecto_INAUTOM-4.0.pdf\" title=\"Ficha INATOM 4.0\" target=\"_blank\">SEE PROJECT SHEET (PT)<\/a><\/div>\n<\/div><\/div><\/div><\/div><div class=\"vc_row wpb_row vc_row-fluid\"><div class=\"wpb_column vc_column_container vc_col-md-8\"><div class=\"vc_column-inner\"><div class=\"wpb_wrapper\"><div id=\"lvca-spacer-69e4c331938a0\" class=\"lvca-spacer\" data-settings='{&quot;desktop_spacing&quot;:50,&quot;tablet_spacing&quot;:30,&quot;tablet_width&quot;:960,&quot;mobile_spacing&quot;:10,&quot;mobile_width&quot;:480}'><\/div>\n\t<div  class=\"wpb_single_image wpb_content_element vc_align_left\">\n\t\t\n\t\t<figure class=\"wpb_wrapper vc_figure\">\n\t\t\t<div class=\"vc_single_image-wrapper   vc_box_border_grey\"><img loading=\"lazy\" decoding=\"async\" width=\"980\" height=\"159\" src=\"https:\/\/inautom.pt\/wp-content\/uploads\/2026\/01\/CENTRO2030_BarraCofinan_Ass_RGB_2600px-1024x166.png\" class=\"vc_single_image-img attachment-large\" alt=\"\" srcset=\"https:\/\/inautom.pt\/wp-content\/uploads\/2026\/01\/CENTRO2030_BarraCofinan_Ass_RGB_2600px-1024x166.png 1024w, https:\/\/inautom.pt\/wp-content\/uploads\/2026\/01\/CENTRO2030_BarraCofinan_Ass_RGB_2600px-300x49.png 300w, https:\/\/inautom.pt\/wp-content\/uploads\/2026\/01\/CENTRO2030_BarraCofinan_Ass_RGB_2600px-768x124.png 768w, https:\/\/inautom.pt\/wp-content\/uploads\/2026\/01\/CENTRO2030_BarraCofinan_Ass_RGB_2600px-1536x249.png 1536w, https:\/\/inautom.pt\/wp-content\/uploads\/2026\/01\/CENTRO2030_BarraCofinan_Ass_RGB_2600px-2048x331.png 2048w, https:\/\/inautom.pt\/wp-content\/uploads\/2026\/01\/CENTRO2030_BarraCofinan_Ass_RGB_2600px-18x3.png 18w\" sizes=\"(max-width: 980px) 100vw, 980px\" \/><\/div>\n\t\t<\/figure>\n\t<\/div>\n<div id=\"lvca-spacer-69e4c33193b33\" class=\"lvca-spacer\" data-settings='{&quot;desktop_spacing&quot;:50,&quot;tablet_spacing&quot;:30,&quot;tablet_width&quot;:960,&quot;mobile_spacing&quot;:10,&quot;mobile_width&quot;:480}'><\/div><\/div><\/div><\/div><div class=\"wpb_column vc_column_container vc_col-md-4\"><div class=\"vc_column-inner\"><div class=\"wpb_wrapper\"><\/div><\/div><\/div><\/div>","protected":false},"excerpt":{"rendered":"projetos Projeto AdaptiHand T\u00edtulo do Projeto: AdaptiHand - Solu\u00e7\u00e3o adaptativa e automatizada para manipula\u00e7\u00e3o em produ\u00e7\u00e3o C\u00f3digo de Opera\u00e7\u00e3o: COMPETE2030-FEDER-01182500 Objetivo Principal: Promover o desenvolvimento de solu\u00e7\u00f5es inovadoras e automatizadas para a manipula\u00e7\u00e3o adaptativa em contextos de produ\u00e7\u00e3o industrial Benefici\u00e1rio &hellip;","protected":false},"author":3,"featured_media":0,"parent":0,"menu_order":0,"comment_status":"closed","ping_status":"closed","template":"","meta":{"om_disable_all_campaigns":false,"_monsterinsights_skip_tracking":false,"_monsterinsights_sitenote_active":false,"_monsterinsights_sitenote_note":"","_monsterinsights_sitenote_category":0,"footnotes":""},"class_list":["post-4424","page","type-page","status-publish","hentry"],"aioseo_notices":[],"_links":{"self":[{"href":"https:\/\/inautom.pt\/en\/wp-json\/wp\/v2\/pages\/4424"}],"collection":[{"href":"https:\/\/inautom.pt\/en\/wp-json\/wp\/v2\/pages"}],"about":[{"href":"https:\/\/inautom.pt\/en\/wp-json\/wp\/v2\/types\/page"}],"author":[{"embeddable":true,"href":"https:\/\/inautom.pt\/en\/wp-json\/wp\/v2\/users\/3"}],"replies":[{"embeddable":true,"href":"https:\/\/inautom.pt\/en\/wp-json\/wp\/v2\/comments?post=4424"}],"version-history":[{"count":27,"href":"https:\/\/inautom.pt\/en\/wp-json\/wp\/v2\/pages\/4424\/revisions"}],"predecessor-version":[{"id":4571,"href":"https:\/\/inautom.pt\/en\/wp-json\/wp\/v2\/pages\/4424\/revisions\/4571"}],"wp:attachment":[{"href":"https:\/\/inautom.pt\/en\/wp-json\/wp\/v2\/media?parent=4424"}],"curies":[{"name":"wp","href":"https:\/\/api.w.org\/{rel}","templated":true}]}}