{"id":1096,"date":"2016-01-06T13:11:34","date_gmt":"2016-01-06T13:11:34","guid":{"rendered":"http:\/\/anpsthemes.com\/construction\/?page_id=1096"},"modified":"2026-01-14T13:11:21","modified_gmt":"2026-01-14T13:11:21","slug":"inicio","status":"publish","type":"page","link":"https:\/\/inautom.pt\/en\/","title":{"rendered":"HOME"},"content":{"rendered":"<div data-vc-full-width=\"true\" data-vc-full-width-init=\"false\" data-vc-stretch-content=\"true\" class=\"vc_row wpb_row vc_row-fluid vc_row-no-padding vc_row-o-content-middle vc_row-flex\"><div class=\"wpb_column vc_column_container vc_col-md-12\"><div class=\"vc_column-inner\"><div class=\"wpb_wrapper\">\n\t\t\t<!-- START Slider 1 REVOLUTION SLIDER 6.1.1 --><p class=\"rs-p-wp-fix\"><\/p>\n\t\t\t<rs-module-wrap id=\"rev_slider_24_1_wrapper\" data-source=\"gallery\" style=\"background:transparent;padding:0;\">\n\t\t\t\t<rs-module id=\"rev_slider_24_1\" style=\"display:none;\" data-version=\"6.1.1\">\n\t\t\t\t\t<rs-slides>\n\t\t\t\t\t\t<rs-slide data-key=\"rs-38\" data-title=\"Slide\" data-anim=\"ei:d;eo:d;s:1000;r:0;t:fade;sl:0;\">\n\t\t\t\t\t\t\t<img decoding=\"async\" src=\"\/\/inautom.pt\/wp-content\/plugins\/revslider\/public\/assets\/assets\/transparent.png\" title=\"HOME\" class=\"rev-slidebg\" data-no-retina>\n<!--\n\t\t\t\t\t\t\t--><rs-layer\n\t\t\t\t\t\t\t\tid=\"slider-24-slide-38-layer-0\" \n\t\t\t\t\t\t\t\tclass=\"rs-fsv rs-nolc rs-layer-video\"\n\t\t\t\t\t\t\t\tdata-type=\"video\"\n\t\t\t\t\t\t\t\tdata-rsp_ch=\"on\"\n\t\t\t\t\t\t\t\tdata-xy=\"x:0;y:0;\"\n\t\t\t\t\t\t\t\tdata-text=\"w:normal;s:20,20,12,7;l:0,0,15,9;\"\n\t\t\t\t\t\t\t\tdata-dim=\"w:100%;h:100%;\"\n\t\t\t\t\t\t\t\tdata-basealign=\"slide\"\n\t\t\t\t\t\t\t\tdata-video=\"vd:100;rwd:f;fc:true;l:true;ptimer:true;nse:f;\"\n\t\t\t\t\t\t\t\tdata-mp4=\"\/\/inautom.pt\/wp-content\/uploads\/2025\/04\/INAUTOM-video-home-page.mp4\"\n\t\t\t\t\t\t\t\tdata-frame_999=\"o:0;st:w;\"\n\t\t\t\t\t\t\t\tstyle=\"z-index:8;font-family:Roboto;\"\n\t\t\t\t\t\t\t>\n\t\t\t\t\t\t\t<\/rs-layer><!--\n\n\t\t\t\t\t\t\t--><rs-layer\n\t\t\t\t\t\t\t\tid=\"slider-24-slide-38-layer-1\" \n\t\t\t\t\t\t\t\tdata-type=\"text\"\n\t\t\t\t\t\t\t\tdata-color=\"#fff\"\n\t\t\t\t\t\t\t\tdata-rsp_ch=\"on\"\n\t\t\t\t\t\t\t\tdata-xy=\"x:c;xo:0,0,-4px,4px;y:m;yo:130px,130px,-130px,-154px;\"\n\t\t\t\t\t\t\t\tdata-text=\"w:normal;s:28,28,24,18;l:50,50,31,19;fw:300;a:center;\"\n\t\t\t\t\t\t\t\tdata-dim=\"minh:0px,0px,none,none;\"\n\t\t\t\t\t\t\t\tdata-frame_999=\"o:0;st:w;\"\n\t\t\t\t\t\t\t\tstyle=\"z-index:10;font-family:Lato;\"\n\t\t\t\t\t\t\t>AND THRIVE TOGETHER<br \/>\n \n\t\t\t\t\t\t\t<\/rs-layer><!--\n\n\t\t\t\t\t\t\t--><rs-layer\n\t\t\t\t\t\t\t\tid=\"slider-24-slide-38-layer-2\" \n\t\t\t\t\t\t\t\tdata-type=\"text\"\n\t\t\t\t\t\t\t\tdata-color=\"#fff\"\n\t\t\t\t\t\t\t\tdata-rsp_ch=\"on\"\n\t\t\t\t\t\t\t\tdata-xy=\"x:c;y:m;yo:74px,74px,-174px,-187px;\"\n\t\t\t\t\t\t\t\tdata-text=\"w:normal;s:32,32,28,22;l:50,50,31,19;\"\n\t\t\t\t\t\t\t\tdata-dim=\"w:588px,588px,515px,403px;minh:0px,0px,none,none;\"\n\t\t\t\t\t\t\t\tdata-frame_999=\"o:0;st:w;\"\n\t\t\t\t\t\t\t\tstyle=\"z-index:9;font-family:Lato;\"\n\t\t\t\t\t\t\t>WE DRIVE YOUR BUSINESS FORWARD<br \/>\n \n\t\t\t\t\t\t\t<\/rs-layer><!--\n-->\t\t\t\t\t\t<\/rs-slide>\n\t\t\t\t\t<\/rs-slides>\n\t\t\t\t\t<rs-static-layers><!--\n\t\t\t\t\t--><\/rs-static-layers>\n\t\t\t\t\t<rs-progress class=\"rs-bottom\" style=\"visibility: hidden !important;\"><\/rs-progress>\n\t\t\t\t<\/rs-module>\n\t\t\t\t<script type=\"text\/javascript\">\n\t\t\t\t\tsetREVStartSize({c: 'rev_slider_24_1',rl:[1240,1240,778,480],el:[550,550,960,720],gw:[1240,1240,778,480],gh:[550,550,960,720],layout:'fullscreen',offsetContainer:'',offset:'',mh:\"0\"});\n\t\t\t\t\tvar\trevapi24,\n\t\t\t\t\t\ttpj;\n\t\t\t\t\tjQuery(function() {\n\t\t\t\t\t\ttpj = jQuery;\n\t\t\t\t\t\tif(tpj(\"#rev_slider_24_1\").revolution == undefined){\n\t\t\t\t\t\t\trevslider_showDoubleJqueryError(\"#rev_slider_24_1\");\n\t\t\t\t\t\t}else{\n\t\t\t\t\t\t\trevapi24 = tpj(\"#rev_slider_24_1\").show().revolution({\n\t\t\t\t\t\t\t\tjsFileLocation:\"\/\/inautom.pt\/wp-content\/plugins\/revslider\/public\/assets\/js\/\",\n\t\t\t\t\t\t\t\tsliderLayout:\"fullscreen\",\n\t\t\t\t\t\t\t\tvisibilityLevels:\"1240,1240,778,480\",\n\t\t\t\t\t\t\t\tgridwidth:\"1240,1240,778,480\",\n\t\t\t\t\t\t\t\tgridheight:\"550,550,960,720\",\n\t\t\t\t\t\t\t\tminHeight:\"\",\n\t\t\t\t\t\t\t\tspinner:\"spinner0\",\n\t\t\t\t\t\t\t\teditorheight:\"550,768,960,720\",\n\t\t\t\t\t\t\t\tresponsiveLevels:\"1240,1240,778,480\",\n\t\t\t\t\t\t\t\tdisableProgressBar:\"on\",\n\t\t\t\t\t\t\t\tnavigation: {\n\t\t\t\t\t\t\t\t\tonHoverStop:false\n\t\t\t\t\t\t\t\t},\n\t\t\t\t\t\t\t\tfallbacks: {\n\t\t\t\t\t\t\t\t\tallowHTML5AutoPlayOnAndroid:true\n\t\t\t\t\t\t\t\t},\n\t\t\t\t\t\t\t});\n\t\t\t\t\t\t}\n\t\t\t\t\t\t\n\t\t\t\t\t});\n\t\t\t\t<\/script>\n\t\t\t<\/rs-module-wrap>\n\t\t\t<!-- END REVOLUTION SLIDER -->\n<\/div><\/div><\/div><\/div><div class=\"vc_row-full-width vc_clearfix\"><\/div><div class=\"vc_row wpb_row vc_row-fluid vc_custom_1744476097084 vc_row-o-content-top vc_row-flex\"><div class=\"wpb_column vc_column_container vc_col-md-4\"><div class=\"vc_column-inner\"><div class=\"wpb_wrapper\">\n\t<div  class=\"wpb_single_image wpb_content_element vc_align_center\">\n\t\t\n\t\t<figure class=\"wpb_wrapper vc_figure\">\n\t\t\t<a href=\"https:\/\/inautom.pt\/en\/plasticos-2\/\" target=\"_self\" class=\"vc_single_image-wrapper vc_box_rounded  vc_box_border_grey\"><img loading=\"lazy\" decoding=\"async\" width=\"300\" height=\"203\" src=\"https:\/\/inautom.pt\/wp-content\/uploads\/2025\/04\/INAUTOM-injecao-2-300x203.png\" class=\"vc_single_image-img attachment-medium\" alt=\"\" srcset=\"https:\/\/inautom.pt\/wp-content\/uploads\/2025\/04\/INAUTOM-injecao-2-300x203.png 300w, https:\/\/inautom.pt\/wp-content\/uploads\/2025\/04\/INAUTOM-injecao-2-1024x692.png 1024w, https:\/\/inautom.pt\/wp-content\/uploads\/2025\/04\/INAUTOM-injecao-2-768x519.png 768w, https:\/\/inautom.pt\/wp-content\/uploads\/2025\/04\/INAUTOM-injecao-2-1536x1038.png 1536w, https:\/\/inautom.pt\/wp-content\/uploads\/2025\/04\/INAUTOM-injecao-2-18x12.png 18w, https:\/\/inautom.pt\/wp-content\/uploads\/2025\/04\/INAUTOM-injecao-2.png 1748w\" sizes=\"(max-width: 300px) 100vw, 300px\" \/><\/a>\n\t\t<\/figure>\n\t<\/div>\n<\/div><\/div><\/div><div class=\"wpb_column vc_column_container vc_col-md-4\"><div class=\"vc_column-inner\"><div class=\"wpb_wrapper\">\n\t<div  class=\"wpb_single_image wpb_content_element vc_align_center\">\n\t\t\n\t\t<figure class=\"wpb_wrapper vc_figure\">\n\t\t\t<a href=\"https:\/\/inautom.pt\/en\/moldes\/\" target=\"_self\" class=\"vc_single_image-wrapper vc_box_rounded  vc_box_border_grey\"><img loading=\"lazy\" decoding=\"async\" width=\"300\" height=\"203\" src=\"https:\/\/inautom.pt\/wp-content\/uploads\/2025\/04\/INAUTOM-moldes-2-300x203.png\" class=\"vc_single_image-img attachment-medium\" alt=\"\" srcset=\"https:\/\/inautom.pt\/wp-content\/uploads\/2025\/04\/INAUTOM-moldes-2-300x203.png 300w, https:\/\/inautom.pt\/wp-content\/uploads\/2025\/04\/INAUTOM-moldes-2-1024x692.png 1024w, https:\/\/inautom.pt\/wp-content\/uploads\/2025\/04\/INAUTOM-moldes-2-768x519.png 768w, https:\/\/inautom.pt\/wp-content\/uploads\/2025\/04\/INAUTOM-moldes-2-1536x1038.png 1536w, https:\/\/inautom.pt\/wp-content\/uploads\/2025\/04\/INAUTOM-moldes-2-18x12.png 18w, https:\/\/inautom.pt\/wp-content\/uploads\/2025\/04\/INAUTOM-moldes-2.png 1748w\" sizes=\"(max-width: 300px) 100vw, 300px\" \/><\/a>\n\t\t<\/figure>\n\t<\/div>\n<\/div><\/div><\/div><div class=\"wpb_column vc_column_container vc_col-md-4\"><div class=\"vc_column-inner\"><div class=\"wpb_wrapper\">\n\t<div  class=\"wpb_single_image wpb_content_element vc_align_center\">\n\t\t\n\t\t<figure class=\"wpb_wrapper vc_figure\">\n\t\t\t<a href=\"https:\/\/robotica.inautom.pt\/en\/\" target=\"_self\" class=\"vc_single_image-wrapper vc_box_rounded  vc_box_border_grey\"><img loading=\"lazy\" decoding=\"async\" width=\"300\" height=\"203\" src=\"https:\/\/inautom.pt\/wp-content\/uploads\/2025\/04\/INAUTOM-robots-2-300x203.png\" class=\"vc_single_image-img attachment-medium\" alt=\"\" srcset=\"https:\/\/inautom.pt\/wp-content\/uploads\/2025\/04\/INAUTOM-robots-2-300x203.png 300w, https:\/\/inautom.pt\/wp-content\/uploads\/2025\/04\/INAUTOM-robots-2-1024x692.png 1024w, https:\/\/inautom.pt\/wp-content\/uploads\/2025\/04\/INAUTOM-robots-2-768x519.png 768w, https:\/\/inautom.pt\/wp-content\/uploads\/2025\/04\/INAUTOM-robots-2-1536x1038.png 1536w, https:\/\/inautom.pt\/wp-content\/uploads\/2025\/04\/INAUTOM-robots-2-18x12.png 18w, https:\/\/inautom.pt\/wp-content\/uploads\/2025\/04\/INAUTOM-robots-2.png 1748w\" sizes=\"(max-width: 300px) 100vw, 300px\" \/><\/a>\n\t\t<\/figure>\n\t<\/div>\n<\/div><\/div><\/div><\/div><div class=\"vc_row wpb_row vc_row-fluid vc_custom_1744477598328 vc_row-o-content-top vc_row-flex\"><div class=\"wpb_column vc_column_container vc_col-md-4\"><div class=\"vc_column-inner\"><div class=\"wpb_wrapper\">\t\t<div class=\"mega-line-container ma_heading_wrap15\">\r\n\t\t\t\t\t\t\t<div class=\"mega-line-top\" style=\"text-align: center;\">  \r\n\t\t\t        <span style=\"width: 40px; border-top: 2px solid #ffffff;\"><\/span>\r\n\t\t\t        <h2 style=\"font-size: 16px; color: #ffffff; line-height: 1;\t\t\t        text-transform: default; font-family:Lato;font-weight:700;font-style:normal;\">\r\n\t\t\t        \tPLASTICS\t\t\t        <\/h2>\r\n\t\t\t        <div class=\"heading_desc\">\r\n\t\t\t        \t\t\t\t        <\/div>\r\n\t\t      \t<\/div>\r\n\t\t\t\r\n\t\t\t\r\n\t\t    \r\n\t\t    \r\n\t\t    \r\n\t\t          \t<\/div>\r\n\r\n      \t<style>\r\n\t\t\t.ma_heading_wrap15 .heading_desc *{\r\n\t\t\t\tfont-size: px;\r\n\t\t\t\tfont-family:Lato;font-weight:700;font-style:normal;\r\n\t\t\t}\r\n      \t<\/style>\r\n\t\t<\/div><\/div><\/div><div class=\"wpb_column vc_column_container vc_col-md-4\"><div class=\"vc_column-inner\"><div class=\"wpb_wrapper\">\t\t<div class=\"mega-line-container ma_heading_wrap386\">\r\n\t\t\t\t\t\t\t<div class=\"mega-line-top\" style=\"text-align: center;\">  \r\n\t\t\t        <span style=\"width: 40px; border-top: 2px solid #ffffff;\"><\/span>\r\n\t\t\t        <h2 style=\"font-size: 16px; color: #ffffff; line-height: 1;\t\t\t        text-transform: default; font-family:Lato;font-weight:700;font-style:normal;\">\r\n\t\t\t        \tMOLDS AND METALWORKING\t\t\t        <\/h2>\r\n\t\t\t        <div class=\"heading_desc\">\r\n\t\t\t        \t\t\t\t        <\/div>\r\n\t\t      \t<\/div>\r\n\t\t\t\r\n\t\t\t\r\n\t\t    \r\n\t\t    \r\n\t\t    \r\n\t\t          \t<\/div>\r\n\r\n      \t<style>\r\n\t\t\t.ma_heading_wrap386 .heading_desc *{\r\n\t\t\t\tfont-size: px;\r\n\t\t\t\tfont-family:Lato;font-weight:700;font-style:normal;\r\n\t\t\t}\r\n      \t<\/style>\r\n\t\t<\/div><\/div><\/div><div class=\"wpb_column vc_column_container vc_col-md-4\"><div class=\"vc_column-inner\"><div class=\"wpb_wrapper\">\t\t<div class=\"mega-line-container ma_heading_wrap231\">\r\n\t\t\t\t\t\t\t<div class=\"mega-line-top\" style=\"text-align: center;\">  \r\n\t\t\t        <span style=\"width: 40px; border-top: 2px solid #ffffff;\"><\/span>\r\n\t\t\t        <h2 style=\"font-size: 16px; color: #ffffff; line-height: 1;\t\t\t        text-transform: default; font-family:Lato;font-weight:700;font-style:normal;\">\r\n\t\t\t        \tROBOTS AND OTHER SOLUTIONS\t\t\t        <\/h2>\r\n\t\t\t        <div class=\"heading_desc\">\r\n\t\t\t        \t\t\t\t        <\/div>\r\n\t\t      \t<\/div>\r\n\t\t\t\r\n\t\t\t\r\n\t\t    \r\n\t\t    \r\n\t\t    \r\n\t\t          \t<\/div>\r\n\r\n      \t<style>\r\n\t\t\t.ma_heading_wrap231 .heading_desc *{\r\n\t\t\t\tfont-size: px;\r\n\t\t\t\tfont-family:Lato;font-weight:700;font-style:normal;\r\n\t\t\t}\r\n      \t<\/style>\r\n\t\t<\/div><\/div><\/div><\/div><div data-vc-full-width=\"true\" data-vc-full-width-init=\"false\" data-vc-stretch-content=\"true\" class=\"vc_row wpb_row vc_row-fluid vc_row-no-padding vc_row-o-content-middle vc_row-flex\"><div class=\"wpb_column vc_column_container vc_col-md-12\"><div class=\"vc_column-inner\"><div class=\"wpb_wrapper\"><div id=\"lvca-spacer-69f33ce3ab06c\" class=\"lvca-spacer\" data-settings='{&quot;desktop_spacing&quot;:50,&quot;tablet_spacing&quot;:30,&quot;tablet_width&quot;:960,&quot;mobile_spacing&quot;:10,&quot;mobile_width&quot;:480}'><\/div><div id=\"lvca-spacer-69f33ce3ab094\" class=\"lvca-spacer\" data-settings='{&quot;desktop_spacing&quot;:50,&quot;tablet_spacing&quot;:30,&quot;tablet_width&quot;:960,&quot;mobile_spacing&quot;:10,&quot;mobile_width&quot;:480}'><\/div>\n\t<div class=\"wpb_text_column wpb_content_element\" >\n\t\t<div class=\"wpb_wrapper\">\n\t\t\t<div class=\"text-outline\">SINCE 1986<\/div>\n\n\t\t<\/div>\n\t<\/div>\n<div id=\"lvca-spacer-69f33ce3ab1fa\" class=\"lvca-spacer\" data-settings='{&quot;desktop_spacing&quot;:50,&quot;tablet_spacing&quot;:30,&quot;tablet_width&quot;:960,&quot;mobile_spacing&quot;:10,&quot;mobile_width&quot;:480}'><\/div><\/div><\/div><\/div><\/div><div class=\"vc_row-full-width vc_clearfix\"><\/div><div data-vc-full-width=\"true\" data-vc-full-width-init=\"false\" data-vc-stretch-content=\"true\" class=\"vc_row wpb_row vc_row-fluid vc_row-no-padding\"><div class=\"wpb_column vc_column_container vc_col-md-12\"><div class=\"vc_column-inner\"><div class=\"wpb_wrapper\">\n\t<div  class=\"wpb_single_image wpb_content_element vc_align_center\">\n\t\t\n\t\t<figure class=\"wpb_wrapper vc_figure\">\n\t\t\t<a href=\"https:\/\/www.youtube.com\/watch?v=xow4tzDc8lU\" target=\"_blank\" class=\"vc_single_image-wrapper vc_box_rounded  vc_box_border_grey\"><img loading=\"lazy\" decoding=\"async\" width=\"11520\" height=\"3456\" src=\"https:\/\/inautom.pt\/wp-content\/uploads\/2025\/03\/INAUTOM-Banner-video-corporativo.png\" class=\"vc_single_image-img attachment-full\" alt=\"\" srcset=\"https:\/\/inautom.pt\/wp-content\/uploads\/2025\/03\/INAUTOM-Banner-video-corporativo.png 11520w, https:\/\/inautom.pt\/wp-content\/uploads\/2025\/03\/INAUTOM-Banner-video-corporativo-300x90.png 300w, https:\/\/inautom.pt\/wp-content\/uploads\/2025\/03\/INAUTOM-Banner-video-corporativo-1024x307.png 1024w, https:\/\/inautom.pt\/wp-content\/uploads\/2025\/03\/INAUTOM-Banner-video-corporativo-768x230.png 768w, https:\/\/inautom.pt\/wp-content\/uploads\/2025\/03\/INAUTOM-Banner-video-corporativo-1536x461.png 1536w, https:\/\/inautom.pt\/wp-content\/uploads\/2025\/03\/INAUTOM-Banner-video-corporativo-2048x614.png 2048w, https:\/\/inautom.pt\/wp-content\/uploads\/2025\/03\/INAUTOM-Banner-video-corporativo-18x5.png 18w\" sizes=\"(max-width: 11520px) 100vw, 11520px\" \/><\/a>\n\t\t<\/figure>\n\t<\/div>\n<div id=\"lvca-spacer-69f33ce3aba2d\" class=\"lvca-spacer\" data-settings='{&quot;desktop_spacing&quot;:50,&quot;tablet_spacing&quot;:30,&quot;tablet_width&quot;:960,&quot;mobile_spacing&quot;:10,&quot;mobile_width&quot;:480}'><\/div><\/div><\/div><\/div><\/div><div class=\"vc_row-full-width vc_clearfix\"><\/div><div class=\"vc_row wpb_row vc_row-fluid vc_custom_1745883261749 vc_row-has-fill vc_row-o-equal-height vc_row-o-content-middle vc_row-flex\"><div class=\"wpb_column vc_column_container vc_col-md-12 vc_col-has-fill\"><div class=\"vc_column-inner vc_custom_1745883299758\"><div class=\"wpb_wrapper\"><h1 style=\"font-size: 32px;color: #ffffff;line-height: 1;text-align: center;font-family:Lato;font-weight:700;font-style:normal\" class=\"vc_custom_heading\" >Technical Assistance<\/h1><p style=\"font-size: 16px;color: #ffffff;text-align: center;font-family:Lato;font-weight:400;font-style:normal\" class=\"vc_custom_heading\" >Fast. Specialized. Efficient.<\/p><p style=\"font-size: 16px;color: #ffffff;text-align: center;font-family:Lato;font-weight:700;font-style:normal\" class=\"vc_custom_heading\" >Ensuring your production never stops.<\/p><div id=\"lvca-spacer-69f33ce3ac2fa\" class=\"lvca-spacer\" data-settings='{&quot;desktop_spacing&quot;:50,&quot;tablet_spacing&quot;:30,&quot;tablet_width&quot;:960,&quot;mobile_spacing&quot;:10,&quot;mobile_width&quot;:480}'><\/div><div class=\"vc_btn3-container vc_btn3-center\"><a class=\"btn btn-normal\" href=\"https:\/\/inautom.pt\/en\/assistencia\/\" title=\"CONTACTS\" target=\"_blank\">REQUEST<\/a><\/div>\n<\/div><\/div><\/div><\/div><div class=\"vc_row wpb_row vc_row-fluid\"><div class=\"wpb_column vc_column_container vc_col-md-12\"><div class=\"vc_column-inner\"><div class=\"wpb_wrapper\"><div id=\"lvca-spacer-69f33ce3ac8f6\" class=\"lvca-spacer\" data-settings='{&quot;desktop_spacing&quot;:50,&quot;tablet_spacing&quot;:30,&quot;tablet_width&quot;:960,&quot;mobile_spacing&quot;:10,&quot;mobile_width&quot;:480}'><\/div><\/div><\/div><\/div><\/div><div data-vc-full-width=\"true\" data-vc-full-width-init=\"false\" class=\"vc_row wpb_row vc_row-fluid vc_custom_1745881847216 vc_row-has-fill\"><div class=\"wpb_column vc_column_container vc_col-md-12\"><div class=\"vc_column-inner\"><div class=\"wpb_wrapper\"><h1 style=\"font-size: 42px;color: #ffffff;line-height: 1;text-align: center\" class=\"vc_custom_heading\" >LET'S TALK?<\/h1><p style=\"font-size: 18px;color: #ffffff;text-align: center;font-family:Lato;font-weight:400;font-style:normal\" class=\"vc_custom_heading\" >Information? Questions? Requests?<\/p><div id=\"lvca-spacer-69f33ce3ace77\" class=\"lvca-spacer\" data-settings='{&quot;desktop_spacing&quot;:50,&quot;tablet_spacing&quot;:30,&quot;tablet_width&quot;:960,&quot;mobile_spacing&quot;:10,&quot;mobile_width&quot;:480}'><\/div><div class=\"vc_btn3-container vc_btn3-center\"><a class=\"vc_general vc_btn3 vc_btn3-size-lg vc_btn3-shape-rounded vc_btn3-style-outline vc_btn3-color-white\" href=\"https:\/\/inautom.pt\/en\/contactos\/\" title=\"CONTACTS\" target=\"_blank\">Contact us<\/a><\/div>\n<\/div><\/div><\/div><\/div><div class=\"vc_row-full-width vc_clearfix\"><\/div><div class=\"vc_row wpb_row vc_row-fluid\"><div class=\"wpb_column vc_column_container vc_col-md-12\"><div class=\"vc_column-inner\"><div class=\"wpb_wrapper\">\n\t<div class=\"wpb_raw_code wpb_content_element wpb_raw_html\" >\n\t\t<div class=\"wpb_wrapper\">\n\t\t\t<meta name=\"google-site-verification\" content=\"O6VUCgiD4phJ0djrLMx5NGKYKe49pEw-_hUtJPGePaY\" \/>\n\t\t<\/div>\n\t<\/div>\n<\/div><\/div><\/div><\/div>","protected":false},"excerpt":{"rendered":"E CRESCEMOS JUNTOS. CONNOSCO, O SEU NEG\u00d3CIO AVAN\u00c7A. PL\u00c1STICOS MOLDES E METALOMEC\u00c2NICA ROBOTS E OUTRAS SOLU\u00c7\u00d5ES DESDE 1986 Assist\u00eancia T\u00e9cnicaR\u00e1pida. Especializada. Eficiente.Para que a sua produ\u00e7\u00e3o nunca pare.PEDIR VAMOS FALAR?Informa\u00e7\u00f5es? Quest\u00f5es? Pedidos?Fale Connosco","protected":false},"author":2,"featured_media":0,"parent":0,"menu_order":0,"comment_status":"closed","ping_status":"closed","template":"","meta":{"om_disable_all_campaigns":false,"_monsterinsights_skip_tracking":false,"_monsterinsights_sitenote_active":false,"_monsterinsights_sitenote_note":"","_monsterinsights_sitenote_category":0,"footnotes":""},"class_list":["post-1096","page","type-page","status-publish","hentry"],"aioseo_notices":[],"_links":{"self":[{"href":"https:\/\/inautom.pt\/en\/wp-json\/wp\/v2\/pages\/1096"}],"collection":[{"href":"https:\/\/inautom.pt\/en\/wp-json\/wp\/v2\/pages"}],"about":[{"href":"https:\/\/inautom.pt\/en\/wp-json\/wp\/v2\/types\/page"}],"author":[{"embeddable":true,"href":"https:\/\/inautom.pt\/en\/wp-json\/wp\/v2\/users\/2"}],"replies":[{"embeddable":true,"href":"https:\/\/inautom.pt\/en\/wp-json\/wp\/v2\/comments?post=1096"}],"version-history":[{"count":179,"href":"https:\/\/inautom.pt\/en\/wp-json\/wp\/v2\/pages\/1096\/revisions"}],"predecessor-version":[{"id":4416,"href":"https:\/\/inautom.pt\/en\/wp-json\/wp\/v2\/pages\/1096\/revisions\/4416"}],"wp:attachment":[{"href":"https:\/\/inautom.pt\/en\/wp-json\/wp\/v2\/media?parent=1096"}],"curies":[{"name":"wp","href":"https:\/\/api.w.org\/{rel}","templated":true}]}}